{"id":1380,"date":"2020-02-14T20:05:39","date_gmt":"2020-02-14T23:05:39","guid":{"rendered":"https:\/\/isfd163-bue.infd.edu.ar\/sitio\/?page_id=1380"},"modified":"2025-12-11T21:00:32","modified_gmt":"2025-12-12T00:00:32","slug":"documentos-institucionales","status":"publish","type":"page","link":"https:\/\/isfd163-bue.infd.edu.ar\/sitio\/documentos-institucionales\/","title":{"rendered":"Tutoriales varios"},"content":{"rendered":"<h2><\/h2>\n<p style=\"text-align: center;\"><iframe loading=\"lazy\" src=\"https:\/\/www.youtube.com\/embed\/bXSV7gD7YPo\" width=\"560\" height=\"315\" frameborder=\"0\" allowfullscreen=\"allowfullscreen\"><\/iframe><\/p>\n<p style=\"text-align: center;\"><a href=\"https:\/\/youtu.be\/T1kmBymQTs4\" target=\"_blank\" rel=\"noopener\">Descarga aqu\u00ed<\/a><\/p>\n<p style=\"text-align: center;\"><iframe loading=\"lazy\" src=\"https:\/\/www.youtube.com\/embed\/T1kmBymQTs4\" width=\"560\" height=\"315\" frameborder=\"0\" allowfullscreen=\"allowfullscreen\"><\/iframe><\/p>\n<p style=\"text-align: center;\"><a href=\"https:\/\/youtu.be\/T1kmBymQTs4\" target=\"_blank\" rel=\"noopener\">Descarga aqu\u00ed<\/a><\/p>\n<h2>Acceso al campus desde la App Educativa Mobile<\/h2>\n<p style=\"text-align: center;\"><iframe loading=\"lazy\" src=\"https:\/\/www.youtube.com\/embed\/1pzp-CgutDg\" width=\"560\" height=\"315\" frameborder=\"0\" allowfullscreen=\"allowfullscreen\" data-mce-fragment=\"1\"><\/iframe><\/p>\n<p style=\"text-align: center;\"><a href=\"https:\/\/youtu.be\/1pzp-CgutDg\" target=\"_blank\" rel=\"noopener\">Descargar aqu\u00ed\u00a0<\/a><\/p>\n","protected":false},"excerpt":{"rendered":"<p>Descarga aqu\u00ed Descarga aqu\u00ed Acceso al campus desde la App Educativa Mobile Descargar aqu\u00ed\u00a0<\/p>\n","protected":false},"author":1452,"featured_media":0,"parent":0,"menu_order":0,"comment_status":"closed","ping_status":"closed","template":"","meta":[],"acf":[],"_links":{"self":[{"href":"https:\/\/isfd163-bue.infd.edu.ar\/sitio\/wp-json\/wp\/v2\/pages\/1380"}],"collection":[{"href":"https:\/\/isfd163-bue.infd.edu.ar\/sitio\/wp-json\/wp\/v2\/pages"}],"about":[{"href":"https:\/\/isfd163-bue.infd.edu.ar\/sitio\/wp-json\/wp\/v2\/types\/page"}],"author":[{"embeddable":true,"href":"https:\/\/isfd163-bue.infd.edu.ar\/sitio\/wp-json\/wp\/v2\/users\/1452"}],"replies":[{"embeddable":true,"href":"https:\/\/isfd163-bue.infd.edu.ar\/sitio\/wp-json\/wp\/v2\/comments?post=1380"}],"version-history":[{"count":7,"href":"https:\/\/isfd163-bue.infd.edu.ar\/sitio\/wp-json\/wp\/v2\/pages\/1380\/revisions"}],"predecessor-version":[{"id":2250,"href":"https:\/\/isfd163-bue.infd.edu.ar\/sitio\/wp-json\/wp\/v2\/pages\/1380\/revisions\/2250"}],"wp:attachment":[{"href":"https:\/\/isfd163-bue.infd.edu.ar\/sitio\/wp-json\/wp\/v2\/media?parent=1380"}],"curies":[{"name":"wp","href":"https:\/\/api.w.org\/{rel}","templated":true}]}}