{"id":1749,"date":"2021-10-12T20:18:40","date_gmt":"2021-10-12T23:18:40","guid":{"rendered":"https:\/\/isfd163-bue.infd.edu.ar\/sitio\/?page_id=1749"},"modified":"2021-10-12T20:18:41","modified_gmt":"2021-10-12T23:18:41","slug":"planes-de-estudios-no-vigentes","status":"publish","type":"page","link":"https:\/\/isfd163-bue.infd.edu.ar\/sitio\/planes-de-estudios-no-vigentes\/","title":{"rendered":"Planes de estudios no vigentes"},"content":{"rendered":"\n<p>Te dejamos informaci\u00f3n sobre los planes de estudio que iniciaron en 1999 y fueron reemplazados por los que iniciaron en 2018<\/p>\n\n\n\n<p>PLANES DE ESTUDIO SIN VIGENCIA (del 99\u2019)<\/p>\n\n\n\n<p>MATEM\u00c1TICA<\/p>\n\n\n\n<p><strong>Denominaci\u00f3n de la Carrera<\/strong><\/p>\n\n\n\n<p>Profesorado de Matem\u00e1tica<\/p>\n\n\n\n<p><strong>Denominaci\u00f3n actual de los t\u00edtulos<\/strong><\/p>\n\n\n\n<p>Profesor de educaci\u00f3n secundaria en Matem\u00e1tica<\/p>\n\n\n\n<p><strong>N\u00ba de Resoluciones que certifican la titulaci\u00f3n<\/strong><\/p>\n\n\n\n<p><a href=\"http:\/\/servicios.abc.gov.ar\/lainstitucion\/organismos\/consejogeneral\/disenioscurriculares\/superior\/matematica\/028-03-compi-matematica.pdf\">RES N\u00b0 00028\/03<br><\/a>y&nbsp;<a href=\"http:\/\/servicios.abc.gov.ar\/lainstitucion\/organismos\/consejogeneral\/disenioscurriculares\/superior\/4664-03denominaciones.pdf\">4664\/03<\/a><\/p>\n\n\n\n<p>Primera Parte del TOMO I Res. N\u00b0&nbsp;<a href=\"http:\/\/servicios.abc.gov.ar\/lainstitucion\/organismos\/consejogeneral\/disenioscurriculares\/superior\/13271-99modif-por-3581-00.pdf\">13271\/99&nbsp;<\/a>y por la Cuarta Parte del TOMO II Res. N\u00b0&nbsp;<a href=\"http:\/\/servicios.abc.gov.ar\/lainstitucion\/organismos\/consejogeneral\/disenioscurriculares\/superior\/matematica\/13259-99-modif-por-3581-00matem%C3%A1tica.pdf\">13259\/99&nbsp;<\/a>y por la Res. N\u00b0 03581\/00.<\/p>\n\n\n\n<p><a href=\"https:\/\/drive.google.com\/file\/d\/1YdqvzZUNRW66IwBPOqQp8mxc_GPjUZ4F\/view?usp=sharing\"><strong>Descargar caja curricular<\/strong><\/a><\/p>\n\n\n\n<p><a href=\"https:\/\/drive.google.com\/file\/d\/1bDOI2cc6e7XwGA46VgSygTbsExQRUwxx\/view?usp=sharing\"><strong>Descargar correlatividades<\/strong><\/a><\/p>\n\n\n\n<p>\u2014\u2014\u2014\u2014\u2014\u2014\u2014\u2014\u2014\u2014\u2014\u2014\u2014\u2014\u2014\u2014\u2014\u2014\u2014\u2014\u2014\u2014\u2014\u2014\u2014\u2014\u2014\u2014\u2014\u2014\u2014\u2014\u2014\u2014\u2014\u2014\u2014\u2014\u2014\u2014\u2014\u2014\u2014\u2014\u2014\u2014\u2014\u2014\u2014\u2014\u2014\u2014\u2013<\/p>\n\n\n\n<p>INGL\u00c9S<\/p>\n\n\n\n<p><strong>Denominaci\u00f3n de la Carrera<\/strong><\/p>\n\n\n\n<p>Profesorado de Ingl\u00e9s<\/p>\n\n\n\n<p><strong>Denominaci\u00f3n actual de los t\u00edtulos<\/strong><\/p>\n\n\n\n<p>Profesor de Ingl\u00e9s<\/p>\n\n\n\n<p><strong>N\u00ba de Resoluciones que certifican la titulaci\u00f3n<\/strong><\/p>\n\n\n\n<p><a href=\"http:\/\/servicios.abc.gov.ar\/lainstitucion\/organismos\/consejogeneral\/disenioscurriculares\/superior\/ingles\/030-03-compi-ingles.pdf\">RES N\u00b0 00030\/03<br><\/a>y&nbsp;<a href=\"http:\/\/servicios.abc.gov.ar\/lainstitucion\/organismos\/consejogeneral\/disenioscurriculares\/superior\/4664-03denominaciones.pdf\">4664\/03<\/a><\/p>\n\n\n\n<p><strong>Resoluciones que componen el Dise\u00f1o<\/strong><\/p>\n\n\n\n<p>Primera Parte del TOMO I Res. N<a href=\"http:\/\/servicios.abc.gov.ar\/lainstitucion\/organismos\/consejogeneral\/disenioscurriculares\/superior\/13271-99modif-por-3581-00.pdf\">\u00b013271\/99<\/a>; por Novena Parte del TOMO III Res. N\u00b0<a href=\"http:\/\/servicios.abc.gov.ar\/lainstitucion\/organismos\/consejogeneral\/disenioscurriculares\/superior\/ingles\/13296-99modif-por-3581-00.pdf\">13296\/99<\/a>, la modificaciones pertinentes aprobadas por Res. N\u00b003581\/00.<\/p>\n\n\n\n<p><a href=\"https:\/\/drive.google.com\/file\/d\/13lBH_y9AlqoURu8MZXPdu0bdKAWQfGZE\/view?usp=sharing\"><strong>Descargar caja curricular<\/strong><\/a><\/p>\n\n\n\n<p><a href=\"https:\/\/drive.google.com\/file\/d\/1WqW2vzh3TytR1xWMJLzEAfXai7cs6xtB\/view?usp=sharing\"><strong>Descargar correlatividades<\/strong><\/a><\/p>\n\n\n\n<p>\u2014\u2014\u2014\u2014\u2014\u2014\u2014\u2014\u2014\u2014\u2014\u2014\u2014\u2014\u2014\u2014\u2014\u2014\u2014\u2014\u2014\u2014\u2014\u2014\u2014\u2014\u2014\u2014\u2014\u2014\u2014\u2014\u2014\u2014\u2014\u2014\u2014\u2014\u2014\u2014\u2014\u2014\u2014\u2014\u2014\u2014\u2014\u2014\u2014\u2014\u2014\u2014\u2013<\/p>\n\n\n\n<p>LENGUA Y LITERATURA<\/p>\n\n\n\n<p><strong>Denominaci\u00f3n de la Carrera<\/strong><\/p>\n\n\n\n<p>Profesorado Lengua y Literatura<\/p>\n\n\n\n<p><strong>Denominaci\u00f3n actual de los t\u00edtulos<\/strong><\/p>\n\n\n\n<p>Profesor de educaci\u00f3n secundaria en Lengua y Literatura<\/p>\n\n\n\n<p><strong>N\u00ba de Resoluciones que certifican la titulaci\u00f3n<\/strong><\/p>\n\n\n\n<p><a href=\"http:\/\/servicios.abc.gov.ar\/lainstitucion\/organismos\/consejogeneral\/disenioscurriculares\/superior\/lenguayliteratura\/029-03compi-lengua-y-l.pdf\">RES N\u00b0 00029\/03&nbsp;<br><\/a>y&nbsp;<a href=\"http:\/\/servicios.abc.gov.ar\/lainstitucion\/organismos\/consejogeneral\/disenioscurriculares\/superior\/4664-03denominaciones.pdf\">4664\/03<\/a><\/p>\n\n\n\n<p><strong>Resoluciones que componen el Dise\u00f1o<\/strong><\/p>\n\n\n\n<p>Primera Parte del TOMO I Res. N\u00b0&nbsp;<a href=\"http:\/\/servicios.abc.gov.ar\/lainstitucion\/organismos\/consejogeneral\/disenioscurriculares\/superior\/13271-99modif-por-3581-00.pdf\">13271\/99&nbsp;<\/a>y por la Quinta Parte del TOMO II Res. N\u00b0&nbsp;<a href=\"http:\/\/servicios.abc.gov.ar\/lainstitucion\/organismos\/consejogeneral\/disenioscurriculares\/superior\/lenguayliteratura\/13259-99-modif-por-3581-00leng-y-lit.pdf\">13259\/99&nbsp;<\/a>y por la Res. N\u00b0 03581\/00.<\/p>\n\n\n\n<p><a href=\"https:\/\/drive.google.com\/file\/d\/1KR-b1HGIIy5lC-ly64Sz5uV9rxaSPK7Z\/view?usp=sharing\"><strong>Descargar caja curricular<\/strong><\/a><\/p>\n\n\n\n<p><a href=\"https:\/\/drive.google.com\/file\/d\/1xeK5uckCb2o-CXF2hvXK2qUqL5mgol6_\/view?usp=sharing\"><strong>Descargar correlatividades<\/strong><\/a><\/p>\n","protected":false},"excerpt":{"rendered":"<p>Te dejamos informaci\u00f3n sobre los planes de estudio que iniciaron en 1999 y fueron reemplazados por los que iniciaron en 2018 PLANES DE ESTUDIO SIN VIGENCIA (del 99\u2019) MATEM\u00c1TICA Denominaci\u00f3n de la Carrera Profesorado de Matem\u00e1tica Denominaci\u00f3n actual de los t\u00edtulos Profesor de educaci\u00f3n secundaria en Matem\u00e1tica N\u00ba de Resoluciones que certifican la titulaci\u00f3n RES &#8230; <a title=\"Planes de estudios no vigentes\" class=\"read-more\" href=\"https:\/\/isfd163-bue.infd.edu.ar\/sitio\/planes-de-estudios-no-vigentes\/\" aria-label=\"More on Planes de estudios no vigentes\">[+]<\/a><\/p>\n","protected":false},"author":1452,"featured_media":0,"parent":0,"menu_order":0,"comment_status":"closed","ping_status":"closed","template":"","meta":[],"acf":[],"_links":{"self":[{"href":"https:\/\/isfd163-bue.infd.edu.ar\/sitio\/wp-json\/wp\/v2\/pages\/1749"}],"collection":[{"href":"https:\/\/isfd163-bue.infd.edu.ar\/sitio\/wp-json\/wp\/v2\/pages"}],"about":[{"href":"https:\/\/isfd163-bue.infd.edu.ar\/sitio\/wp-json\/wp\/v2\/types\/page"}],"author":[{"embeddable":true,"href":"https:\/\/isfd163-bue.infd.edu.ar\/sitio\/wp-json\/wp\/v2\/users\/1452"}],"replies":[{"embeddable":true,"href":"https:\/\/isfd163-bue.infd.edu.ar\/sitio\/wp-json\/wp\/v2\/comments?post=1749"}],"version-history":[{"count":1,"href":"https:\/\/isfd163-bue.infd.edu.ar\/sitio\/wp-json\/wp\/v2\/pages\/1749\/revisions"}],"predecessor-version":[{"id":1750,"href":"https:\/\/isfd163-bue.infd.edu.ar\/sitio\/wp-json\/wp\/v2\/pages\/1749\/revisions\/1750"}],"wp:attachment":[{"href":"https:\/\/isfd163-bue.infd.edu.ar\/sitio\/wp-json\/wp\/v2\/media?parent=1749"}],"curies":[{"name":"wp","href":"https:\/\/api.w.org\/{rel}","templated":true}]}}