{"id":862,"date":"2018-06-28T16:29:12","date_gmt":"2018-06-28T19:29:12","guid":{"rendered":"https:\/\/isfd163-bue.infd.edu.ar\/sitio\/datos-institucionales\/"},"modified":"2023-02-06T14:57:28","modified_gmt":"2023-02-06T17:57:28","slug":"datos-institucionales","status":"publish","type":"page","link":"https:\/\/isfd163-bue.infd.edu.ar\/sitio\/datos-institucionales\/","title":{"rendered":"Datos institucionales"},"content":{"rendered":"<blockquote>\n<p style=\"text-align: center;\"><span style=\"font-size: 10pt;\"><span style=\"font-family: verdana,geneva;\"><span style=\"font-size: 12pt;\"><span style=\"color: #3a69c5;\"><strong><span style=\"font-size: 14pt;\">Escuela Normal Superior \u00abJos\u00e9 Manuel Estrada\u00bb ISFD N\u00ba 163<\/span><\/strong><\/span><\/span><\/span><\/span><\/p>\n<p style=\"text-align: left;\"><span style=\"font-size: 10pt;\"><span style=\"font-family: verdana,geneva;\"><span style=\"font-size: 12pt;\"><img decoding=\"async\" src=\"https:\/\/isfd163-bue.infd.edu.ar\/sitio\/wp-content\/uploads\/2018\/06\/1_008.gif\" border=\"0\" \/>Calle: 57 N\u00ba 2646<\/span><\/span><\/span><\/p>\n<p><span style=\"font-size: 10pt;\"><span style=\"font-family: verdana,geneva;\"><span style=\"font-size: 12pt;\"><img decoding=\"async\" src=\"https:\/\/isfd163-bue.infd.edu.ar\/sitio\/wp-content\/uploads\/2018\/06\/1_008.gif\" border=\"0\" \/>Tel\u00e9fono: 02262-422113<\/span><\/span><\/span><\/p>\n<p><span style=\"font-size: 10pt; font-family: verdana;\"><span style=\"font-family: verdana,geneva;\"><span style=\"font-size: 12pt;\"><img decoding=\"async\" src=\"https:\/\/isfd163-bue.infd.edu.ar\/sitio\/wp-content\/uploads\/2018\/06\/1_008.gif\" border=\"0\" \/>e-mail: ensjoseestrada@gmail.com<\/span><\/span><\/span><\/p>\n<p><img decoding=\"async\" style=\"font-size: 12pt; font-family: verdana, geneva;\" src=\"https:\/\/isfd163-bue.infd.edu.ar\/sitio\/wp-content\/uploads\/2018\/06\/1_008.gif\" border=\"0\" \/><span style=\"font-size: 12pt; font-family: verdana, geneva;\">Horario de atenci\u00f3n: Lunes a viernes de 18 a 22<\/span><\/p>\n<p><img decoding=\"async\" style=\"font-size: 12pt; font-family: verdana, geneva;\" src=\"https:\/\/isfd163-bue.infd.edu.ar\/sitio\/wp-content\/uploads\/2018\/06\/1_008.gif\" border=\"0\" \/>Facebook: Instituto de Formaci\u00f3n Docente 163<\/p>\n<p><img decoding=\"async\" style=\"font-size: 12pt; font-family: verdana, geneva;\" src=\"https:\/\/isfd163-bue.infd.edu.ar\/sitio\/wp-content\/uploads\/2018\/06\/1_008.gif\" border=\"0\" \/> Instagram:\u00a0 163necochea<\/p><\/blockquote>\n","protected":false},"excerpt":{"rendered":"<p>Escuela Normal Superior \u00abJos\u00e9 Manuel Estrada\u00bb ISFD N\u00ba 163 Calle: 57 N\u00ba 2646 Tel\u00e9fono: 02262-422113 e-mail: ensjoseestrada@gmail.com Horario de atenci\u00f3n: Lunes a viernes de 18 a 22 Facebook: Instituto de Formaci\u00f3n Docente 163 Instagram:\u00a0 163necochea<\/p>\n","protected":false},"author":1731,"featured_media":0,"parent":0,"menu_order":0,"comment_status":"closed","ping_status":"closed","template":"","meta":[],"acf":[],"_links":{"self":[{"href":"https:\/\/isfd163-bue.infd.edu.ar\/sitio\/wp-json\/wp\/v2\/pages\/862"}],"collection":[{"href":"https:\/\/isfd163-bue.infd.edu.ar\/sitio\/wp-json\/wp\/v2\/pages"}],"about":[{"href":"https:\/\/isfd163-bue.infd.edu.ar\/sitio\/wp-json\/wp\/v2\/types\/page"}],"author":[{"embeddable":true,"href":"https:\/\/isfd163-bue.infd.edu.ar\/sitio\/wp-json\/wp\/v2\/users\/1731"}],"replies":[{"embeddable":true,"href":"https:\/\/isfd163-bue.infd.edu.ar\/sitio\/wp-json\/wp\/v2\/comments?post=862"}],"version-history":[{"count":3,"href":"https:\/\/isfd163-bue.infd.edu.ar\/sitio\/wp-json\/wp\/v2\/pages\/862\/revisions"}],"predecessor-version":[{"id":1884,"href":"https:\/\/isfd163-bue.infd.edu.ar\/sitio\/wp-json\/wp\/v2\/pages\/862\/revisions\/1884"}],"wp:attachment":[{"href":"https:\/\/isfd163-bue.infd.edu.ar\/sitio\/wp-json\/wp\/v2\/media?parent=862"}],"curies":[{"name":"wp","href":"https:\/\/api.w.org\/{rel}","templated":true}]}}