{"id":912,"date":"2018-06-28T16:29:33","date_gmt":"2018-06-28T19:29:33","guid":{"rendered":"https:\/\/isfd163-bue.infd.edu.ar\/sitio\/informacion-ingreso-2018\/"},"modified":"2025-11-28T10:11:00","modified_gmt":"2025-11-28T13:11:00","slug":"informacion-ingreso-2026","status":"publish","type":"page","link":"https:\/\/isfd163-bue.infd.edu.ar\/sitio\/informacion-ingreso-2026\/","title":{"rendered":"Informaci\u00f3n ingreso"},"content":{"rendered":"\n<p class=\"has-text-align-left has-text-color has-x-large-font-size\" style=\"color:#4fc60a\"><strong><mark style=\"background-color:rgba(0, 0, 0, 0)\" class=\"has-inline-color has-accent-color\">CICLO 2026<\/mark><\/strong><\/p>\n\n\n<p><span style=\"font-size: 14pt; color: #993366;\"><strong style=\"text-decoration: blink;\"><img decoding=\"async\" loading=\"lazy\" class=\"size-medium wp-image-1658 alignleft\" src=\"https:\/\/isfd163-bue.infd.edu.ar\/sitio\/wp-content\/uploads\/2020\/12\/Copia-de-jornadas-de-investigaci\u00f3n-2-1000x380.png\" alt=\"\" width=\"1000\" height=\"380\" srcset=\"https:\/\/isfd163-bue.infd.edu.ar\/sitio\/wp-content\/uploads\/2020\/12\/Copia-de-jornadas-de-investigaci\u00f3n-2-1000x380.png 1000w, https:\/\/isfd163-bue.infd.edu.ar\/sitio\/wp-content\/uploads\/2020\/12\/Copia-de-jornadas-de-investigaci\u00f3n-2-768x292.png 768w, https:\/\/isfd163-bue.infd.edu.ar\/sitio\/wp-content\/uploads\/2020\/12\/Copia-de-jornadas-de-investigaci\u00f3n-2-1900x723.png 1900w\" sizes=\"(max-width: 1000px) 100vw, 1000px\" \/><\/strong><\/span><\/p>\n<h1 style=\"text-align: center;\">Inscripci\u00f3n a carreras 2026<\/h1>\n<h2 style=\"text-align: center;\"><span style=\"color: #ff9900;\">A partir del 1 de diciembre 2025<\/span><\/h2>\n<h2 style=\"text-align: center;\"><span style=\"color: #ff9900;\"><span style=\"color: #000000;\">Calle<\/span>\u00a0<span style=\"color: #000000;\">57 N\u00b02646<\/span><\/span><\/h2>\n<h2 style=\"text-align: center;\"><span style=\"color: #339966;\"><span style=\"color: #3366ff;\"><a style=\"color: #3366ff;\" href=\"https:\/\/docs.google.com\/forms\/d\/e\/1FAIpQLSdSwQKDpQs9A_-v6h_8GQFBAPn-MdNsuFx7qph7mQKBstL1ZQ\/closedform\">INSCRIPCI\u00d3N<\/a> ONLINE<\/span><\/span><\/h2>\n<h4><span style=\"color: #993366;\"><span style=\"color: #993366;\"><span style=\"color: #000000;\">Al inicio del ciclo se<\/span>\u00a0<span style=\"color: #000000;\">les solicitar\u00e1 entregar una carpeta tama\u00f1o oficio con el\u00e1stico con la siguiente documentaci\u00f3n:<\/span><\/span><\/span><\/h4>\n<table style=\"background-color: #f6d79a; width: 754px;\" border=\"0\" cellpadding=\"4\" align=\"center\">\n<tbody>\n<tr>\n<td>\n<ul>\n<li><span style=\"font-size: 10pt;\">Ficha de inscripci\u00f3n (IMPORTANTE: primero hay que descargarla y luego imprimir. <a href=\"https:\/\/drive.google.com\/file\/d\/1JIaftMhKS4c0Y17idP1xITCKa_QvlBsn\/view?usp=sharing\">clic aqu\u00ed<\/a> <strong>).<\/strong><\/span><\/li>\n<li><span style=\"font-size: 10pt;\">Fotocopia de \u00a0D.N.I. (y DNI, traer original)<\/span><\/li>\n<li><span style=\"font-size: 10pt;\">Fotocopia de Partida de nacimiento. (Traer original)<\/span><\/li>\n<li><span style=\"font-size: 10pt;\">Tres fotograf\u00edas 4 x 4.<\/span><\/li>\n<li><span style=\"font-size: 10pt;\">Un folio tama\u00f1o oficio.<\/span><\/li>\n<li><span style=\"font-size: 10pt;\">Titulo secundario (original y copia) o constancia original de certificado de estudios en tr\u00e1mite.<\/span><\/li>\n<li><span style=\"font-size: 10pt;\">Certificado de aptitud f\u00edsica (Emitido por Entidad P\u00fablica) y c<\/span><span style=\"font-size: 10pt;\">ertificado de aptitud psicol\u00f3gica (Emitido por Entidad P\u00fablica). <a href=\"https:\/\/drive.google.com\/file\/d\/1KT6lMK7KDMwxPHnLJqR5gOBIE5feYs0Y\/view?usp=sharing\">Link a la Ficha m\u00e9dica<\/a>\u00a0que se debe completar en el servicio p\u00fablico.<\/span><\/li>\n<li>Monto correspondiente al pago de 2 meses de Cooperadora\u00a0<\/li>\n<\/ul>\n<\/td>\n<\/tr>\n<\/tbody>\n<\/table>\n<h6>\u00a0<\/h6>\n<p>\u00a0<\/p>\n<h3 style=\"text-align: center;\">CHARLA CON INGRESANTES<\/h3>\n<h3 style=\"text-align: center;\"><span style=\"color: #0000ff;\"><em><strong>A confirmar<\/strong><\/em><\/span><\/h3>\n<p style=\"text-align: center;\">\u00a0<\/p>\n<h3 style=\"text-align: center;\"><strong>TODA LA INFORMACI\u00d3N SOBRE CUFBA 2026<\/strong><\/h3>\n<p>LENGUA ESCRITA<br \/>* My Grammar Lab<br \/><a href=\"https:\/\/drive.google.com\/open?id=1OLuxqpwKrHAERT7bKJDGO2die7OS8ucG\">https:\/\/drive.google.com\/open?id=1OLuxqpwKrHAERT7bKJDGO2die7OS8ucG<\/a><br \/>*Booklet<br \/><a href=\"https:\/\/drive.google.com\/open?id=1b6tbTxXs1wFlQki4GtiWwCZTRj14i7L5\">https:\/\/drive.google.com\/open?id=1b6tbTxXs1wFlQki4GtiWwCZTRj14i7L5<\/a><br \/>LENGUA ORAL<br \/>*Booklet (Sounds, Listening, Reading, Video guides)<br \/><a href=\"https:\/\/drive.google.com\/file\/d\/1QFAPfyFb2hznHmUGOujlVNy3NPZV9Tvs\/view?usp=sharing\">https:\/\/drive.google.com\/file\/d\/1QFAPfyFb2hznHmUGOujlVNy3NPZV9Tvs\/view?usp=sharing<\/a><br \/>*Booklet (Short stories and biographies)<br \/><a href=\"https:\/\/drive.google.com\/file\/d\/1HT_QV_GHVAqUjOcbsFtBvV3PExctoeJu\/view?usp=sharing\">https:\/\/drive.google.com\/file\/d\/1HT_QV_GHVAqUjOcbsFtBvV3PExctoeJu\/view?usp=sharing<\/a><\/p>\n<p>\u00a0<\/p>\n<p>CONTACTOS:<\/p>\n<p>ensjoseestrada@gmail.com<\/p>\n<p>Instagram: @163necochea<\/p>\n<p>Tel: 42-2113<\/p>\n<p>\u00a0<\/p>\n\n\n<p><\/p>\n","protected":false},"excerpt":{"rendered":"<p>CICLO 2026 Inscripci\u00f3n a carreras 2026 A partir del 1 de diciembre 2025 Calle\u00a057 N\u00b02646 INSCRIPCI\u00d3N ONLINE Al inicio del ciclo se\u00a0les solicitar\u00e1 entregar una carpeta tama\u00f1o oficio con el\u00e1stico con la siguiente documentaci\u00f3n: Ficha de inscripci\u00f3n (IMPORTANTE: primero hay que descargarla y luego imprimir. clic aqu\u00ed ). Fotocopia de \u00a0D.N.I. (y DNI, traer original) &#8230; <a title=\"Informaci\u00f3n ingreso\" class=\"read-more\" href=\"https:\/\/isfd163-bue.infd.edu.ar\/sitio\/informacion-ingreso-2026\/\" aria-label=\"More on Informaci\u00f3n ingreso\">[+]<\/a><\/p>\n","protected":false},"author":1607,"featured_media":0,"parent":0,"menu_order":0,"comment_status":"closed","ping_status":"closed","template":"","meta":[],"acf":[],"_links":{"self":[{"href":"https:\/\/isfd163-bue.infd.edu.ar\/sitio\/wp-json\/wp\/v2\/pages\/912"}],"collection":[{"href":"https:\/\/isfd163-bue.infd.edu.ar\/sitio\/wp-json\/wp\/v2\/pages"}],"about":[{"href":"https:\/\/isfd163-bue.infd.edu.ar\/sitio\/wp-json\/wp\/v2\/types\/page"}],"author":[{"embeddable":true,"href":"https:\/\/isfd163-bue.infd.edu.ar\/sitio\/wp-json\/wp\/v2\/users\/1607"}],"replies":[{"embeddable":true,"href":"https:\/\/isfd163-bue.infd.edu.ar\/sitio\/wp-json\/wp\/v2\/comments?post=912"}],"version-history":[{"count":65,"href":"https:\/\/isfd163-bue.infd.edu.ar\/sitio\/wp-json\/wp\/v2\/pages\/912\/revisions"}],"predecessor-version":[{"id":2227,"href":"https:\/\/isfd163-bue.infd.edu.ar\/sitio\/wp-json\/wp\/v2\/pages\/912\/revisions\/2227"}],"wp:attachment":[{"href":"https:\/\/isfd163-bue.infd.edu.ar\/sitio\/wp-json\/wp\/v2\/media?parent=912"}],"curies":[{"name":"wp","href":"https:\/\/api.w.org\/{rel}","templated":true}]}}